{"id":10,"date":"2019-05-14T09:01:46","date_gmt":"2019-05-14T09:01:46","guid":{"rendered":"https:\/\/ld-wp73.template-help.com\/wordpress\/prod_23962\/v2\/?page_id=10"},"modified":"2026-02-22T19:40:56","modified_gmt":"2026-02-22T19:40:56","slug":"about-us","status":"publish","type":"page","link":"https:\/\/dpagencement-normandie.fr\/?page_id=10","title":{"rendered":"Pr\u00e9sentation"},"content":{"rendered":"\t\t<div data-elementor-type=\"wp-post\" data-elementor-id=\"10\" class=\"elementor elementor-10\">\n\t\t\t\t\t\t<section class=\"elementor-section elementor-top-section elementor-element elementor-element-6b7e56c elementor-section-boxed elementor-section-height-default elementor-section-height-default\" data-id=\"6b7e56c\" data-element_type=\"section\" data-e-type=\"section\" data-settings=\"{&quot;jet_parallax_layout_list&quot;:[{&quot;jet_parallax_layout_image&quot;:{&quot;url&quot;:&quot;&quot;,&quot;id&quot;:&quot;&quot;,&quot;size&quot;:&quot;&quot;},&quot;_id&quot;:&quot;624430c&quot;,&quot;jet_parallax_layout_image_tablet&quot;:{&quot;url&quot;:&quot;&quot;,&quot;id&quot;:&quot;&quot;,&quot;size&quot;:&quot;&quot;},&quot;jet_parallax_layout_image_mobile&quot;:{&quot;url&quot;:&quot;&quot;,&quot;id&quot;:&quot;&quot;,&quot;size&quot;:&quot;&quot;},&quot;jet_parallax_layout_speed&quot;:{&quot;unit&quot;:&quot;%&quot;,&quot;size&quot;:50,&quot;sizes&quot;:[]},&quot;jet_parallax_layout_type&quot;:&quot;scroll&quot;,&quot;jet_parallax_layout_direction&quot;:&quot;1&quot;,&quot;jet_parallax_layout_fx_direction&quot;:null,&quot;jet_parallax_layout_z_index&quot;:&quot;&quot;,&quot;jet_parallax_layout_bg_x&quot;:50,&quot;jet_parallax_layout_bg_x_tablet&quot;:&quot;&quot;,&quot;jet_parallax_layout_bg_x_mobile&quot;:&quot;&quot;,&quot;jet_parallax_layout_bg_y&quot;:50,&quot;jet_parallax_layout_bg_y_tablet&quot;:&quot;&quot;,&quot;jet_parallax_layout_bg_y_mobile&quot;:&quot;&quot;,&quot;jet_parallax_layout_bg_size&quot;:&quot;auto&quot;,&quot;jet_parallax_layout_bg_size_tablet&quot;:&quot;&quot;,&quot;jet_parallax_layout_bg_size_mobile&quot;:&quot;&quot;,&quot;jet_parallax_layout_animation_prop&quot;:&quot;transform&quot;,&quot;jet_parallax_layout_on&quot;:[&quot;desktop&quot;,&quot;tablet&quot;]}]}\">\n\t\t\t\t\t\t<div class=\"elementor-container elementor-column-gap-default\">\n\t\t\t\t\t<div class=\"elementor-column elementor-col-50 elementor-top-column elementor-element elementor-element-6c7bfd4\" data-id=\"6c7bfd4\" data-element_type=\"column\" data-e-type=\"column\">\n\t\t\t<div class=\"elementor-widget-wrap elementor-element-populated\">\n\t\t\t\t\t\t<div class=\"elementor-element elementor-element-84f7901 elementor-widget elementor-widget-image\" data-id=\"84f7901\" data-element_type=\"widget\" data-e-type=\"widget\" data-widget_type=\"image.default\">\n\t\t\t\t\t\t\t\t\t\t\t\t\t\t\t<img fetchpriority=\"high\" decoding=\"async\" width=\"986\" height=\"600\" src=\"https:\/\/dpagencement-normandie.fr\/wp-content\/uploads\/2026\/02\/HomeImprovementProjectsthatPayYouBackjpg.webp\" class=\"attachment-full size-full wp-image-869\" alt=\"\" srcset=\"https:\/\/dpagencement-normandie.fr\/wp-content\/uploads\/2026\/02\/HomeImprovementProjectsthatPayYouBackjpg.webp 986w, https:\/\/dpagencement-normandie.fr\/wp-content\/uploads\/2026\/02\/HomeImprovementProjectsthatPayYouBackjpg-300x183.webp 300w, https:\/\/dpagencement-normandie.fr\/wp-content\/uploads\/2026\/02\/HomeImprovementProjectsthatPayYouBackjpg-768x467.webp 768w, https:\/\/dpagencement-normandie.fr\/wp-content\/uploads\/2026\/02\/HomeImprovementProjectsthatPayYouBackjpg-600x365.webp 600w\" sizes=\"(max-width: 986px) 100vw, 986px\" \/>\t\t\t\t\t\t\t\t\t\t\t\t\t\t\t<\/div>\n\t\t\t\t\t<\/div>\n\t\t<\/div>\n\t\t\t\t<div class=\"elementor-column elementor-col-50 elementor-top-column elementor-element elementor-element-a9fcb7f\" data-id=\"a9fcb7f\" data-element_type=\"column\" data-e-type=\"column\">\n\t\t\t<div class=\"elementor-widget-wrap elementor-element-populated\">\n\t\t\t\t\t\t<div class=\"elementor-element elementor-element-2cb2957 elementor-widget elementor-widget-text-editor\" data-id=\"2cb2957\" data-element_type=\"widget\" data-e-type=\"widget\" data-widget_type=\"text-editor.default\">\n\t\t\t\t\t\t\t\t\t<div class=\"wp-block-uagb-info-box uagb-block-3bcc7d51 uagb-infobox__content-wrap uagb-infobox-icon-above-title uagb-infobox-image-valign-top wp-block-uagb-info-box--has-margin justified-text\"><div class=\"uagb-infobox-margin-wrapper\"><div class=\"uagb-ifb-content\"><div class=\"uagb-ifb-title-wrap\"><h4 class=\"uagb-ifb-title\"><b style=\"font-size: x-large; font-family: 'Times New Roman', serif;\">Un savoir-faire artisanal, du premier croquis \u00e0 la pose<br \/>finale<\/b><\/h4><\/div><\/div><\/div><\/div><div class=\"wp-block-uagb-container uagb-block-21d8039b\"><p>Depuis plus de 14 ans DP Agencement vous accompagne dans vos projets d\u2019int\u00e9rieur <span style=\"font-family: Times New Roman, serif;\"><br \/>Travaillant seul, je m\u2019investis personnellement dans chaque r\u00e9alisation, avec exigence, pr\u00e9cision et passion du m\u00e9tier.<\/span><\/p><p><span style=\"font-family: Times New Roman, serif;\">Cuisine sur mesure, dressing personnalis\u00e9, meubles uniques, agencement int\u00e9rieur complet : chaque projet est pens\u00e9 pour s\u2019int\u00e9grer parfaitement \u00e0 votre espace et \u00e0 votre quotidien. Chaque d\u00e9tail compte.<\/span><\/p><p><span style=\"font-family: Times New Roman, serif;\">Je vous accompagne du d\u00e9but \u00e0 la fin :<\/span><\/p><ul><li><p><span style=\"font-family: Times New Roman, serif;\">\u00c9coute et conseils personnalis\u00e9s<\/span><\/p><\/li><li><p><span style=\"font-family: Times New Roman, serif;\">Conception et mod\u00e9lisation 3D pour vous projeter<\/span><\/p><\/li><li><p><span style=\"font-family: Times New Roman, serif;\">Fabrication sur mesure<\/span><\/p><\/li><li><p><span style=\"font-family: Times New Roman, serif;\">Pose soign\u00e9e et finitions impeccables<\/span><\/p><\/li><\/ul><p><span style=\"font-family: Times New Roman, serif;\">\u00catre votre unique interlocuteur me permet de garantir coh\u00e9rence, qualit\u00e9 et suivi attentif tout au long du projet. Vous savez \u00e0 qui vous adresser, et je connais votre projet dans ses moindres d\u00e9tails.<\/span><\/p><p><span style=\"font-family: Times New Roman, serif;\">Mon engagement est simple : cr\u00e9er des am\u00e9nagements durables, esth\u00e9tiques et fonctionnels, r\u00e9alis\u00e9s avec le soin d\u2019un artisan et la rigueur d\u2019un professionnel.<\/span><\/p><p><span style=\"font-family: Times New Roman, serif;\"><b>Votre projet m\u00e9rite du vrai sur mesure. Cr\u00e9ons-le ensemble.<\/b><\/span><\/p><\/div>\t\t\t\t\t\t\t\t<\/div>\n\t\t\t\t\t<\/div>\n\t\t<\/div>\n\t\t\t\t\t<\/div>\n\t\t<\/section>\n\t\t\t\t<\/div>\n\t\t","protected":false},"excerpt":{"rendered":"<p>Un savoir-faire artisanal, du premier croquis \u00e0 la posefinale Depuis plus de 14 ans DP Agencement vous accompagne dans vos projets d\u2019int\u00e9rieur Travaillant seul, je m\u2019investis personnellement dans chaque r\u00e9alisation, avec exigence, pr\u00e9cision et passion du m\u00e9tier. Cuisine sur mesure, dressing personnalis\u00e9, meubles uniques, agencement int\u00e9rieur complet : chaque projet est pens\u00e9 pour s\u2019int\u00e9grer parfaitement [&hellip;]<\/p>\n","protected":false},"author":1,"featured_media":0,"parent":0,"menu_order":0,"comment_status":"closed","ping_status":"closed","template":"elementor_header_footer","meta":{"_monsterinsights_skip_tracking":false,"_monsterinsights_sitenote_active":false,"_monsterinsights_sitenote_note":"","_monsterinsights_sitenote_category":0,"footnotes":""},"class_list":["post-10","page","type-page","status-publish","hentry"],"yoast_head":"<!-- This site is optimized with the Yoast SEO plugin v26.9 - https:\/\/yoast.com\/product\/yoast-seo-wordpress\/ -->\n<title>Pr\u00e9sentation - DP POSE AGENCEMENT NORMANDIE<\/title>\n<meta name=\"robots\" content=\"index, follow, max-snippet:-1, max-image-preview:large, max-video-preview:-1\" \/>\n<link rel=\"canonical\" href=\"https:\/\/dpagencement-normandie.fr\/?page_id=10\" \/>\n<meta property=\"og:locale\" content=\"fr_FR\" \/>\n<meta property=\"og:type\" content=\"article\" \/>\n<meta property=\"og:title\" content=\"Pr\u00e9sentation - DP POSE AGENCEMENT NORMANDIE\" \/>\n<meta property=\"og:description\" content=\"Un savoir-faire artisanal, du premier croquis \u00e0 la posefinale Depuis plus de 14 ans DP Agencement vous accompagne dans vos projets d\u2019int\u00e9rieur Travaillant seul, je m\u2019investis personnellement dans chaque r\u00e9alisation, avec exigence, pr\u00e9cision et passion du m\u00e9tier. Cuisine sur mesure, dressing personnalis\u00e9, meubles uniques, agencement int\u00e9rieur complet : chaque projet est pens\u00e9 pour s\u2019int\u00e9grer parfaitement [&hellip;]\" \/>\n<meta property=\"og:url\" content=\"https:\/\/dpagencement-normandie.fr\/?page_id=10\" \/>\n<meta property=\"og:site_name\" content=\"DP POSE AGENCEMENT NORMANDIE\" \/>\n<meta property=\"article:modified_time\" content=\"2026-02-22T19:40:56+00:00\" \/>\n<meta property=\"og:image\" content=\"https:\/\/dpagencement-normandie.fr\/wp-content\/uploads\/2026\/02\/HomeImprovementProjectsthatPayYouBackjpg.webp\" \/>\n\t<meta property=\"og:image:width\" content=\"986\" \/>\n\t<meta property=\"og:image:height\" content=\"600\" \/>\n\t<meta property=\"og:image:type\" content=\"image\/webp\" \/>\n<meta name=\"twitter:card\" content=\"summary_large_image\" \/>\n<meta name=\"twitter:label1\" content=\"Dur\u00e9e de lecture estim\u00e9e\" \/>\n\t<meta name=\"twitter:data1\" content=\"1 minute\" \/>\n<script type=\"application\/ld+json\" class=\"yoast-schema-graph\">{\"@context\":\"https:\/\/schema.org\",\"@graph\":[{\"@type\":\"WebPage\",\"@id\":\"https:\/\/dpagencement-normandie.fr\/?page_id=10\",\"url\":\"https:\/\/dpagencement-normandie.fr\/?page_id=10\",\"name\":\"Pr\u00e9sentation - DP POSE AGENCEMENT NORMANDIE\",\"isPartOf\":{\"@id\":\"https:\/\/dpagencement-normandie.fr\/#website\"},\"primaryImageOfPage\":{\"@id\":\"https:\/\/dpagencement-normandie.fr\/?page_id=10#primaryimage\"},\"image\":{\"@id\":\"https:\/\/dpagencement-normandie.fr\/?page_id=10#primaryimage\"},\"thumbnailUrl\":\"https:\/\/dpagencement-normandie.fr\/wp-content\/uploads\/2026\/02\/HomeImprovementProjectsthatPayYouBackjpg.webp\",\"datePublished\":\"2019-05-14T09:01:46+00:00\",\"dateModified\":\"2026-02-22T19:40:56+00:00\",\"breadcrumb\":{\"@id\":\"https:\/\/dpagencement-normandie.fr\/?page_id=10#breadcrumb\"},\"inLanguage\":\"fr-FR\",\"potentialAction\":[{\"@type\":\"ReadAction\",\"target\":[\"https:\/\/dpagencement-normandie.fr\/?page_id=10\"]}]},{\"@type\":\"ImageObject\",\"inLanguage\":\"fr-FR\",\"@id\":\"https:\/\/dpagencement-normandie.fr\/?page_id=10#primaryimage\",\"url\":\"https:\/\/dpagencement-normandie.fr\/wp-content\/uploads\/2026\/02\/HomeImprovementProjectsthatPayYouBackjpg.webp\",\"contentUrl\":\"https:\/\/dpagencement-normandie.fr\/wp-content\/uploads\/2026\/02\/HomeImprovementProjectsthatPayYouBackjpg.webp\",\"width\":986,\"height\":600},{\"@type\":\"BreadcrumbList\",\"@id\":\"https:\/\/dpagencement-normandie.fr\/?page_id=10#breadcrumb\",\"itemListElement\":[{\"@type\":\"ListItem\",\"position\":1,\"name\":\"Accueil\",\"item\":\"https:\/\/dpagencement-normandie.fr\/\"},{\"@type\":\"ListItem\",\"position\":2,\"name\":\"Pr\u00e9sentation\"}]},{\"@type\":\"WebSite\",\"@id\":\"https:\/\/dpagencement-normandie.fr\/#website\",\"url\":\"https:\/\/dpagencement-normandie.fr\/\",\"name\":\"DP POSE AGENCEMENT NORMANDIE\",\"description\":\"Cuisines, Dressings, placards et mobilier sur mesure\",\"publisher\":{\"@id\":\"https:\/\/dpagencement-normandie.fr\/#organization\"},\"potentialAction\":[{\"@type\":\"SearchAction\",\"target\":{\"@type\":\"EntryPoint\",\"urlTemplate\":\"https:\/\/dpagencement-normandie.fr\/?s={search_term_string}\"},\"query-input\":{\"@type\":\"PropertyValueSpecification\",\"valueRequired\":true,\"valueName\":\"search_term_string\"}}],\"inLanguage\":\"fr-FR\"},{\"@type\":\"Organization\",\"@id\":\"https:\/\/dpagencement-normandie.fr\/#organization\",\"name\":\"DP POSE AGENCEMENT NORMANDIE\",\"url\":\"https:\/\/dpagencement-normandie.fr\/\",\"logo\":{\"@type\":\"ImageObject\",\"inLanguage\":\"fr-FR\",\"@id\":\"https:\/\/dpagencement-normandie.fr\/#\/schema\/logo\/image\/\",\"url\":\"https:\/\/dpagencement-normandie.fr\/wp-content\/uploads\/2026\/02\/cropped-DP-Agencement-logo-JPEG-02.jpg\",\"contentUrl\":\"https:\/\/dpagencement-normandie.fr\/wp-content\/uploads\/2026\/02\/cropped-DP-Agencement-logo-JPEG-02.jpg\",\"width\":752,\"height\":688,\"caption\":\"DP POSE AGENCEMENT NORMANDIE\"},\"image\":{\"@id\":\"https:\/\/dpagencement-normandie.fr\/#\/schema\/logo\/image\/\"}}]}<\/script>\n<!-- \/ Yoast SEO plugin. -->","yoast_head_json":{"title":"Pr\u00e9sentation - DP POSE AGENCEMENT NORMANDIE","robots":{"index":"index","follow":"follow","max-snippet":"max-snippet:-1","max-image-preview":"max-image-preview:large","max-video-preview":"max-video-preview:-1"},"canonical":"https:\/\/dpagencement-normandie.fr\/?page_id=10","og_locale":"fr_FR","og_type":"article","og_title":"Pr\u00e9sentation - DP POSE AGENCEMENT NORMANDIE","og_description":"Un savoir-faire artisanal, du premier croquis \u00e0 la posefinale Depuis plus de 14 ans DP Agencement vous accompagne dans vos projets d\u2019int\u00e9rieur Travaillant seul, je m\u2019investis personnellement dans chaque r\u00e9alisation, avec exigence, pr\u00e9cision et passion du m\u00e9tier. Cuisine sur mesure, dressing personnalis\u00e9, meubles uniques, agencement int\u00e9rieur complet : chaque projet est pens\u00e9 pour s\u2019int\u00e9grer parfaitement [&hellip;]","og_url":"https:\/\/dpagencement-normandie.fr\/?page_id=10","og_site_name":"DP POSE AGENCEMENT NORMANDIE","article_modified_time":"2026-02-22T19:40:56+00:00","og_image":[{"width":986,"height":600,"url":"https:\/\/dpagencement-normandie.fr\/wp-content\/uploads\/2026\/02\/HomeImprovementProjectsthatPayYouBackjpg.webp","type":"image\/webp"}],"twitter_card":"summary_large_image","twitter_misc":{"Dur\u00e9e de lecture estim\u00e9e":"1 minute"},"schema":{"@context":"https:\/\/schema.org","@graph":[{"@type":"WebPage","@id":"https:\/\/dpagencement-normandie.fr\/?page_id=10","url":"https:\/\/dpagencement-normandie.fr\/?page_id=10","name":"Pr\u00e9sentation - DP POSE AGENCEMENT NORMANDIE","isPartOf":{"@id":"https:\/\/dpagencement-normandie.fr\/#website"},"primaryImageOfPage":{"@id":"https:\/\/dpagencement-normandie.fr\/?page_id=10#primaryimage"},"image":{"@id":"https:\/\/dpagencement-normandie.fr\/?page_id=10#primaryimage"},"thumbnailUrl":"https:\/\/dpagencement-normandie.fr\/wp-content\/uploads\/2026\/02\/HomeImprovementProjectsthatPayYouBackjpg.webp","datePublished":"2019-05-14T09:01:46+00:00","dateModified":"2026-02-22T19:40:56+00:00","breadcrumb":{"@id":"https:\/\/dpagencement-normandie.fr\/?page_id=10#breadcrumb"},"inLanguage":"fr-FR","potentialAction":[{"@type":"ReadAction","target":["https:\/\/dpagencement-normandie.fr\/?page_id=10"]}]},{"@type":"ImageObject","inLanguage":"fr-FR","@id":"https:\/\/dpagencement-normandie.fr\/?page_id=10#primaryimage","url":"https:\/\/dpagencement-normandie.fr\/wp-content\/uploads\/2026\/02\/HomeImprovementProjectsthatPayYouBackjpg.webp","contentUrl":"https:\/\/dpagencement-normandie.fr\/wp-content\/uploads\/2026\/02\/HomeImprovementProjectsthatPayYouBackjpg.webp","width":986,"height":600},{"@type":"BreadcrumbList","@id":"https:\/\/dpagencement-normandie.fr\/?page_id=10#breadcrumb","itemListElement":[{"@type":"ListItem","position":1,"name":"Accueil","item":"https:\/\/dpagencement-normandie.fr\/"},{"@type":"ListItem","position":2,"name":"Pr\u00e9sentation"}]},{"@type":"WebSite","@id":"https:\/\/dpagencement-normandie.fr\/#website","url":"https:\/\/dpagencement-normandie.fr\/","name":"DP POSE AGENCEMENT NORMANDIE","description":"Cuisines, Dressings, placards et mobilier sur mesure","publisher":{"@id":"https:\/\/dpagencement-normandie.fr\/#organization"},"potentialAction":[{"@type":"SearchAction","target":{"@type":"EntryPoint","urlTemplate":"https:\/\/dpagencement-normandie.fr\/?s={search_term_string}"},"query-input":{"@type":"PropertyValueSpecification","valueRequired":true,"valueName":"search_term_string"}}],"inLanguage":"fr-FR"},{"@type":"Organization","@id":"https:\/\/dpagencement-normandie.fr\/#organization","name":"DP POSE AGENCEMENT NORMANDIE","url":"https:\/\/dpagencement-normandie.fr\/","logo":{"@type":"ImageObject","inLanguage":"fr-FR","@id":"https:\/\/dpagencement-normandie.fr\/#\/schema\/logo\/image\/","url":"https:\/\/dpagencement-normandie.fr\/wp-content\/uploads\/2026\/02\/cropped-DP-Agencement-logo-JPEG-02.jpg","contentUrl":"https:\/\/dpagencement-normandie.fr\/wp-content\/uploads\/2026\/02\/cropped-DP-Agencement-logo-JPEG-02.jpg","width":752,"height":688,"caption":"DP POSE AGENCEMENT NORMANDIE"},"image":{"@id":"https:\/\/dpagencement-normandie.fr\/#\/schema\/logo\/image\/"}}]}},"_links":{"self":[{"href":"https:\/\/dpagencement-normandie.fr\/index.php?rest_route=\/wp\/v2\/pages\/10","targetHints":{"allow":["GET"]}}],"collection":[{"href":"https:\/\/dpagencement-normandie.fr\/index.php?rest_route=\/wp\/v2\/pages"}],"about":[{"href":"https:\/\/dpagencement-normandie.fr\/index.php?rest_route=\/wp\/v2\/types\/page"}],"author":[{"embeddable":true,"href":"https:\/\/dpagencement-normandie.fr\/index.php?rest_route=\/wp\/v2\/users\/1"}],"replies":[{"embeddable":true,"href":"https:\/\/dpagencement-normandie.fr\/index.php?rest_route=%2Fwp%2Fv2%2Fcomments&post=10"}],"version-history":[{"count":23,"href":"https:\/\/dpagencement-normandie.fr\/index.php?rest_route=\/wp\/v2\/pages\/10\/revisions"}],"predecessor-version":[{"id":972,"href":"https:\/\/dpagencement-normandie.fr\/index.php?rest_route=\/wp\/v2\/pages\/10\/revisions\/972"}],"wp:attachment":[{"href":"https:\/\/dpagencement-normandie.fr\/index.php?rest_route=%2Fwp%2Fv2%2Fmedia&parent=10"}],"curies":[{"name":"wp","href":"https:\/\/api.w.org\/{rel}","templated":true}]}}